
{"id":874,"date":"2021-06-16T11:34:41","date_gmt":"2021-06-16T09:34:41","guid":{"rendered":"https:\/\/bigpark.ch\/new\/?page_id=874"},"modified":"2026-02-23T08:09:01","modified_gmt":"2026-02-23T07:09:01","slug":"questions-frequentes","status":"publish","type":"page","link":"https:\/\/bigpark.ch\/en\/questions-frequentes\/","title":{"rendered":"Frequently asked questions"},"content":{"rendered":"<div data-elementor-type=\"wp-page\" data-elementor-id=\"874\" class=\"elementor elementor-874\">\n\t\t\t\t\t\t\t\t\t<section class=\"elementor-section elementor-top-section elementor-element elementor-element-d1e50e9 elementor-section-boxed elementor-section-height-default elementor-section-height-default\" data-id=\"d1e50e9\" data-element_type=\"section\">\n\t\t\t\t\t\t<div class=\"elementor-container elementor-column-gap-default\">\n\t\t\t\t\t\t\t\t<\/div>\n\t\t<\/section>\n\t\t\t\t<section class=\"elementor-section elementor-top-section elementor-element elementor-element-045874d elementor-section-boxed elementor-section-height-default elementor-section-height-default\" data-id=\"045874d\" data-element_type=\"section\">\n\t\t\t\t\t\t<div class=\"elementor-container elementor-column-gap-default\">\n\t\t\t\t\t\t\t\t<\/div>\n\t\t<\/section>\n\t\t\t\t<section class=\"elementor-section elementor-top-section elementor-element elementor-element-1600172 elementor-section-boxed elementor-section-height-default elementor-section-height-default\" data-id=\"1600172\" data-element_type=\"section\">\n\t\t\t\t\t\t<div class=\"elementor-container elementor-column-gap-default\">\n\t\t\t\t\t\t\t\t<\/div>\n\t\t<\/section>\n\t\t\t\t<section class=\"elementor-section elementor-top-section elementor-element elementor-element-b74699d elementor-section-boxed elementor-section-height-default elementor-section-height-default\" data-id=\"b74699d\" data-element_type=\"section\">\n\t\t\t\t\t\t<div class=\"elementor-container elementor-column-gap-default\">\n\t\t\t\t\t\t\t\t<\/div>\n\t\t<\/section>\n\t\t\t\t<section class=\"elementor-section elementor-top-section elementor-element elementor-element-58d090e elementor-section-boxed elementor-section-height-default elementor-section-height-default\" data-id=\"58d090e\" data-element_type=\"section\">\n\t\t\t\t\t\t<div class=\"elementor-container elementor-column-gap-default\">\n\t\t\t\t\t<div class=\"elementor-column elementor-col-100 elementor-top-column elementor-element elementor-element-55dd4de\" data-id=\"55dd4de\" data-element_type=\"column\" data-settings=\"{&quot;background_background&quot;:&quot;classic&quot;}\">\n\t\t\t<div class=\"elementor-widget-wrap elementor-element-populated\">\n\t\t\t\t\t\t\t\t<div class=\"elementor-element elementor-element-9a7b7f2 title_bloc elementor-widget elementor-widget-heading\" data-id=\"9a7b7f2\" data-element_type=\"widget\" data-widget_type=\"heading.default\">\n\t\t\t\t<div class=\"elementor-widget-container\">\n\t\t\t<h2 class=\"elementor-heading-title elementor-size-default\"><span style=\"background-image: -webkit-linear-gradient(left, #1a438f, #dd5042); -webkit-background-clip: text; -webkit-text-fill-color: transparent; width: 100%; font-family: Dunbar;\"><b>Frequently asked questions<\/b><\/span><\/h2>\t\t<\/div>\n\t\t\t\t<\/div>\n\t\t\t\t<section class=\"elementor-section elementor-inner-section elementor-element elementor-element-2370e31b elementor-section-boxed elementor-section-height-default elementor-section-height-default\" data-id=\"2370e31b\" data-element_type=\"section\">\n\t\t\t\t\t\t<div class=\"elementor-container elementor-column-gap-default\">\n\t\t\t\t\t<div class=\"elementor-column elementor-col-50 elementor-inner-column elementor-element elementor-element-5f191b25\" data-id=\"5f191b25\" data-element_type=\"column\">\n\t\t\t<div class=\"elementor-widget-wrap elementor-element-populated\">\n\t\t\t\t\t\t\t\t<div class=\"elementor-element elementor-element-64879fa1 elementor-widget elementor-widget-elementskit-faq\" data-id=\"64879fa1\" data-element_type=\"widget\" data-widget_type=\"elementskit-faq.default\">\n\t\t\t\t<div class=\"elementor-widget-container\">\n\t\t\t<div class=\"ekit-wid-con\" >\n                <div class=\"elementskit-single-faq elementor-repeater-item-b4559bd\">\n            <div class=\"elementskit-faq-header\">\n                <h2 class=\"elementskit-faq-title\">What type of vehicle do you accept ?<\/h2>\n            <\/div>\n            <div class=\"elementskit-faq-body\">\n                We accept all types of passenger vehicles up to 3.5 tons.            <\/div>\n        <\/div>\n                <div class=\"elementskit-single-faq elementor-repeater-item-fac0227\">\n            <div class=\"elementskit-faq-header\">\n                <h2 class=\"elementskit-faq-title\">Do you have car seats for children ?<\/h2>\n            <\/div>\n            <div class=\"elementskit-faq-body\">\n                Our shuttles include car seats suitable for all children. <br>\nHowever, we can use your own seats and replace them in your vehicle after the transfer.            <\/div>\n        <\/div>\n                <div class=\"elementskit-single-faq elementor-repeater-item-77ad3a7\">\n            <div class=\"elementskit-faq-header\">\n                <h2 class=\"elementskit-faq-title\">Where are your airport parking lots ?<\/h2>\n            <\/div>\n            <div class=\"elementskit-faq-body\">\n                Nous disposons d\u2019un parking \u00e0 l\u2019agence et d\u2019un parking annexe, tous deux situ\u00e9s dans un rayon de 5 km autour de l'a\u00e9roport, en Suisse.            <\/div>\n        <\/div>\n                <div class=\"elementskit-single-faq elementor-repeater-item-fb2aa77\">\n            <div class=\"elementskit-faq-header\">\n                <h2 class=\"elementskit-faq-title\">What happens to my vehicle during my stay?<\/h2>\n            <\/div>\n            <div class=\"elementskit-faq-body\">\n                Your vehicle is parked and secured throughout your journey.<br>\nDepending on available space, your vehicle can be driven to our adjoining parking lot.<br> In this case, an agent will drive your vehicle back to the agency on your return.<br>\nOur teams provide guarding and vehicle security from morning to night.            <\/div>\n        <\/div>\n                <div class=\"elementskit-single-faq elementor-repeater-item-aced0ef\">\n            <div class=\"elementskit-faq-header\">\n                <h2 class=\"elementskit-faq-title\">How many passenger seats do you have on the shuttle ?<\/h2>\n            <\/div>\n            <div class=\"elementskit-faq-body\">\n                We have two shuttles for 7 and 8 passengers.<br>\nYou may have to wait for a shuttle turn at peak times, which can take up to 15 minutes.<br>\nChildren and the elderly will always be given priority. Thank you for your understanding.\n            <\/div>\n        <\/div>\n                <div class=\"elementskit-single-faq elementor-repeater-item-aa6821e\">\n            <div class=\"elementskit-faq-header\">\n                <h2 class=\"elementskit-faq-title\">How much does it cost to park at BigPark ?<\/h2>\n            <\/div>\n            <div class=\"elementskit-faq-body\">\n                All bookings are subject to a handling fee of  21.50 CHF incl. VAT (approx. 21 \u20ac at the current exchange rate).<br>\nIt includes your transfer with luggage, vehicle photo report and airport taxes.<br>\nEach day costs 10.70 CHF incl. VAT (approx. 11 \u20ac). Don't forget to book in advance!\n            <\/div>\n        <\/div>\n                <div class=\"elementskit-single-faq elementor-repeater-item-73776f0\">\n            <div class=\"elementskit-faq-header\">\n                <h2 class=\"elementskit-faq-title\">How does the booking process work ?<\/h2>\n            <\/div>\n            <div class=\"elementskit-faq-body\">\n                Booking and payment are made on our website.<br>\nYou choose the day and time you wish to drop off your vehicle (2 to 3 hours before your boarding time). For the return journey, you must indicate the day and time of your landing.<br>\nYou can also add extra services (cleaning, electrical recharging, tire changes, claims handling).<br>\nOnce your reservation has been confirmed, a space is reserved for you and allocated in one of our parking lots.            <\/div>\n        <\/div>\n                <div class=\"elementskit-single-faq elementor-repeater-item-3013786\">\n            <div class=\"elementskit-faq-header\">\n                <h2 class=\"elementskit-faq-title\">What documents do I need to make a reservation?<\/h2>\n            <\/div>\n            <div class=\"elementskit-faq-body\">\n                We need to know :<br>\n- make, model and registration of your vehicle,<br>\n- your departure and arrival flight numbers,<br>\n- the telephone number where you can be reached upon return.\n            <\/div>\n        <\/div>\n                <div class=\"elementskit-single-faq elementor-repeater-item-961959a\">\n            <div class=\"elementskit-faq-header\">\n                <h2 class=\"elementskit-faq-title\">How can I change or cancel my reservation ? What happens if I'm late?<\/h2>\n            <\/div>\n            <div class=\"elementskit-faq-body\">\n                You can reduce or extend the duration of your parking by replying to the reservation confirmation received by e-mail (<a href=\"mailto:contact@bigpark.ch\">contact@bigpark.ch<\/a>).<br>\nIn the event of cancellation 24 hours before your arrival at the agency, we will refund 50% of the reservation.<br>\nAfter 24 hours, no refund will be made.<br>\nThe \"cancellation insurance\" option guarantees reimbursement of your reservation minus the cost of insurance ( 10.80 CHF incl. VAT \/ approx. 11 \u20ac at the current exchange rate) if you cancel up to 2 hours before departure.<br><br>\n\nConsult our <a target=\"_blank\" href=\"https:\/\/bigpark.ch\/wp-content\/uploads\/2021\/07\/Conditions-generales-dutilisation-Bigpark-1.pdf\">terms and conditions of use<\/a> for more information.\n            <\/div>\n        <\/div>\n        \n    <\/div>\t\t<\/div>\n\t\t\t\t<\/div>\n\t\t\t\t\t<\/div>\n\t\t<\/div>\n\t\t\t\t<div class=\"elementor-column elementor-col-50 elementor-inner-column elementor-element elementor-element-64b9b82b\" data-id=\"64b9b82b\" data-element_type=\"column\">\n\t\t\t<div class=\"elementor-widget-wrap elementor-element-populated\">\n\t\t\t\t\t\t\t\t<div class=\"elementor-element elementor-element-d0f3268 elementor-widget elementor-widget-elementskit-faq\" data-id=\"d0f3268\" data-element_type=\"widget\" data-widget_type=\"elementskit-faq.default\">\n\t\t\t\t<div class=\"elementor-widget-container\">\n\t\t\t<div class=\"ekit-wid-con\" >\n                <div class=\"elementskit-single-faq elementor-repeater-item-8e8eacd\">\n            <div class=\"elementskit-faq-header\">\n                <h2 class=\"elementskit-faq-title\">Where exactly is the agency located ?<\/h2>\n            <\/div>\n            <div class=\"elementskit-faq-body\">\n                Centre commercial Blandonnet\nChemin des Coquelicots 2\n1214 Vernier            <\/div>\n        <\/div>\n                <div class=\"elementskit-single-faq elementor-repeater-item-538620d\">\n            <div class=\"elementskit-faq-header\">\n                <h2 class=\"elementskit-faq-title\">Do we have to take the Swiss vignette when we arrive from France ?<\/h2>\n            <\/div>\n            <div class=\"elementskit-faq-body\">\n                The motorway vignette is only required for use on Swiss freeways.<br>\nYou can pass through Saint-Julien-en-Genevois customs or Ferney-Voltaire customs to avoid the Swiss freeway and the purchase of a vignette.\n            <\/div>\n        <\/div>\n                <div class=\"elementskit-single-faq elementor-repeater-item-33b2782\">\n            <div class=\"elementskit-faq-header\">\n                <h2 class=\"elementskit-faq-title\">How can I save time on the day of my departure?<\/h2>\n            <\/div>\n            <div class=\"elementskit-faq-body\">\n                If you are more than 4 travelers, we advise you to drop the other passengers off at the airport before going to the agency. This will facilitate your shuttle transfer.            <\/div>\n        <\/div>\n                <div class=\"elementskit-single-faq elementor-repeater-item-19a6672\">\n            <div class=\"elementskit-faq-header\">\n                <h2 class=\"elementskit-faq-title\">How long does the transfer to the airport take ?<\/h2>\n            <\/div>\n            <div class=\"elementskit-faq-body\">\n                The shuttle transfer takes 5 minutes, with an agent dropping you off in front of the airport's main entrance.<br>\nWe recommend that you allow 20 minutes in advance on your schedule in case of busy periods (vacation departures, weekends).\n            <\/div>\n        <\/div>\n                <div class=\"elementskit-single-faq elementor-repeater-item-16e5be7\">\n            <div class=\"elementskit-faq-header\">\n                <h2 class=\"elementskit-faq-title\">What happens if I'm late?<\/h2>\n            <\/div>\n            <div class=\"elementskit-faq-body\">\n                Appointment times are very important. The entire daily schedule is calculated according to our customers' schedules.<br>\nLes heures de rendez-vous sont tr\u00e8s importantes. L'ensemble du programme journalier est calcul\u00e9 en fonction des horaires de nos clients. <br>\nAppointment times are very important. The entire daily program is calculated according to our customers' schedules.\n            <\/div>\n        <\/div>\n                <div class=\"elementskit-single-faq elementor-repeater-item-3101c17\">\n            <div class=\"elementskit-faq-header\">\n                <h2 class=\"elementskit-faq-title\">How do I get my vehicle back ?<\/h2>\n            <\/div>\n            <div class=\"elementskit-faq-body\">\n                On your return, we ask you to call us once you've collected your luggage or cleared customs. The BigPark shuttle picks you up at the same point as on the outward journey, opposite the airport's main entrance, and drives you to the agency to return the vehicle.            <\/div>\n        <\/div>\n                <div class=\"elementskit-single-faq elementor-repeater-item-8dfb55e\">\n            <div class=\"elementskit-faq-header\">\n                <h2 class=\"elementskit-faq-title\">What happens if my plane is delayed on my return ?<\/h2>\n            <\/div>\n            <div class=\"elementskit-faq-body\">\n                We monitor your flight number and prepare your return accordingly.<br>\nIf your flight is cancelled or lands too late, we arrange for an agent to wait for your return in all circumstances.\n            <\/div>\n        <\/div>\n        \n    <\/div>\t\t<\/div>\n\t\t\t\t<\/div>\n\t\t\t\t\t<\/div>\n\t\t<\/div>\n\t\t\t\t\t\t\t<\/div>\n\t\t<\/section>\n\t\t\t\t<div class=\"elementor-element elementor-element-d18a5f2 elementor-align-center elementor-widget elementor-widget-button\" data-id=\"d18a5f2\" data-element_type=\"widget\" data-widget_type=\"button.default\">\n\t\t\t\t<div class=\"elementor-widget-container\">\n\t\t\t\t\t<div class=\"elementor-button-wrapper\">\n\t\t\t<a href=\"https:\/\/bigpark.ch\/en\/#reservation\" class=\"elementor-button-link elementor-button elementor-size-md elementor-animation-shrink\" role=\"button\">\n\t\t\t\t\t\t<span class=\"elementor-button-content-wrapper\">\n\t\t\t\t\t\t\t<span class=\"elementor-button-icon elementor-align-icon-left\">\n\t\t\t\t<i aria-hidden=\"true\" class=\"far fa-arrow-alt-circle-right\"><\/i>\t\t\t<\/span>\n\t\t\t\t\t\t<span class=\"elementor-button-text\"><span style=\"background-image: -webkit-linear-gradient(left, #1a438f, #dd5042); -webkit-background-clip: text; -webkit-text-fill-color: transparent; width: 100%; font-family: Dunbar;\"><b>Book<\/b><\/span><\/span>\n\t\t<\/span>\n\t\t\t\t\t<\/a>\n\t\t<\/div>\n\t\t\t\t<\/div>\n\t\t\t\t<\/div>\n\t\t\t\t\t<\/div>\n\t\t<\/div>\n\t\t\t\t\t\t\t<\/div>\n\t\t<\/section>\n\t\t\t\t\t\t\t<\/div>","protected":false},"excerpt":{"rendered":"<p>Questions fr\u00e9quentes Quel type de v\u00e9hicule acceptez-vous ? Nous acceptons tout type de v\u00e9hicule de tourisme ne d\u00e9passant pas les 3,5 tonnes. Avez-vous des si\u00e8ges auto pour les enfants ? Nous avons dans nos navettes des si\u00e8ges auto qui conviennent \u00e0 tous les enfants. Cependant, nous pouvons utiliser vos propres si\u00e8ges et les replacer dans [&hellip;]<\/p>","protected":false},"author":2,"featured_media":0,"parent":0,"menu_order":0,"comment_status":"closed","ping_status":"closed","template":"elementor_header_footer","meta":{"content-type":"","footnotes":""},"class_list":["post-874","page","type-page","status-publish","hentry"],"yoast_head":"<!-- This site is optimized with the Yoast SEO plugin v20.13 - https:\/\/yoast.com\/wordpress\/plugins\/seo\/ -->\n<title>Questions fr\u00e9quentes - bigpark<\/title>\n<meta name=\"robots\" content=\"index, follow, max-snippet:-1, max-image-preview:large, max-video-preview:-1\" \/>\n<link rel=\"canonical\" href=\"https:\/\/bigpark.ch\/en\/questions-frequentes\/\" \/>\n<meta property=\"og:locale\" content=\"en_US\" \/>\n<meta property=\"og:type\" content=\"article\" \/>\n<meta property=\"og:title\" content=\"Questions fr\u00e9quentes - bigpark\" \/>\n<meta property=\"og:description\" content=\"Questions fr\u00e9quentes Quel type de v\u00e9hicule acceptez-vous ? Nous acceptons tout type de v\u00e9hicule de tourisme ne d\u00e9passant pas les 3,5 tonnes. Avez-vous des si\u00e8ges auto pour les enfants ? Nous avons dans nos navettes des si\u00e8ges auto qui conviennent \u00e0 tous les enfants. Cependant, nous pouvons utiliser vos propres si\u00e8ges et les replacer dans [&hellip;]\" \/>\n<meta property=\"og:url\" content=\"https:\/\/bigpark.ch\/en\/questions-frequentes\/\" \/>\n<meta property=\"og:site_name\" content=\"bigpark\" \/>\n<meta property=\"article:publisher\" content=\"https:\/\/www.facebook.com\/bigparkGVA.ch\" \/>\n<meta property=\"article:modified_time\" content=\"2026-02-23T07:09:01+00:00\" \/>\n<meta name=\"twitter:card\" content=\"summary_large_image\" \/>\n<meta name=\"twitter:label1\" content=\"Est. reading time\" \/>\n\t<meta name=\"twitter:data1\" content=\"5 minutes\" \/>\n<script type=\"application\/ld+json\" class=\"yoast-schema-graph\">{\"@context\":\"https:\/\/schema.org\",\"@graph\":[{\"@type\":\"WebPage\",\"@id\":\"https:\/\/bigpark.ch\/questions-frequentes\/\",\"url\":\"https:\/\/bigpark.ch\/questions-frequentes\/\",\"name\":\"Questions fr\u00e9quentes - bigpark\",\"isPartOf\":{\"@id\":\"https:\/\/bigpark.ch\/#website\"},\"datePublished\":\"2021-06-16T09:34:41+00:00\",\"dateModified\":\"2026-02-23T07:09:01+00:00\",\"breadcrumb\":{\"@id\":\"https:\/\/bigpark.ch\/questions-frequentes\/#breadcrumb\"},\"inLanguage\":\"en-US\",\"potentialAction\":[{\"@type\":\"ReadAction\",\"target\":[\"https:\/\/bigpark.ch\/questions-frequentes\/\"]}]},{\"@type\":\"BreadcrumbList\",\"@id\":\"https:\/\/bigpark.ch\/questions-frequentes\/#breadcrumb\",\"itemListElement\":[{\"@type\":\"ListItem\",\"position\":1,\"name\":\"Accueil\",\"item\":\"https:\/\/bigpark.ch\/\"},{\"@type\":\"ListItem\",\"position\":2,\"name\":\"Questions fr\u00e9quentes\"}]},{\"@type\":\"WebSite\",\"@id\":\"https:\/\/bigpark.ch\/#website\",\"url\":\"https:\/\/bigpark.ch\/\",\"name\":\"bigpark.ch\",\"description\":\"Bigpark before flight\",\"publisher\":{\"@id\":\"https:\/\/bigpark.ch\/#organization\"},\"alternateName\":\"bigpark\",\"potentialAction\":[{\"@type\":\"SearchAction\",\"target\":{\"@type\":\"EntryPoint\",\"urlTemplate\":\"https:\/\/bigpark.ch\/?s={search_term_string}\"},\"query-input\":\"required name=search_term_string\"}],\"inLanguage\":\"en-US\"},{\"@type\":\"Organization\",\"@id\":\"https:\/\/bigpark.ch\/#organization\",\"name\":\"bigpark.ch\",\"alternateName\":\"bigpark\",\"url\":\"https:\/\/bigpark.ch\/\",\"logo\":{\"@type\":\"ImageObject\",\"inLanguage\":\"en-US\",\"@id\":\"https:\/\/bigpark.ch\/#\/schema\/logo\/image\/\",\"url\":\"https:\/\/i0.wp.com\/bigpark.ch\/wp-content\/uploads\/2021\/06\/BIGPARK-LOGO-SANS-ADRESSE-1.png?fit=1471%2C479&ssl=1\",\"contentUrl\":\"https:\/\/i0.wp.com\/bigpark.ch\/wp-content\/uploads\/2021\/06\/BIGPARK-LOGO-SANS-ADRESSE-1.png?fit=1471%2C479&ssl=1\",\"width\":1471,\"height\":479,\"caption\":\"bigpark.ch\"},\"image\":{\"@id\":\"https:\/\/bigpark.ch\/#\/schema\/logo\/image\/\"},\"sameAs\":[\"https:\/\/www.facebook.com\/bigparkGVA.ch\",\"https:\/\/www.instagram.com\/bigpark.ch\/\"]}]}<\/script>\n<!-- \/ Yoast SEO plugin. -->","yoast_head_json":{"title":"Questions fr\u00e9quentes - bigpark","robots":{"index":"index","follow":"follow","max-snippet":"max-snippet:-1","max-image-preview":"max-image-preview:large","max-video-preview":"max-video-preview:-1"},"canonical":"https:\/\/bigpark.ch\/en\/questions-frequentes\/","og_locale":"en_US","og_type":"article","og_title":"Questions fr\u00e9quentes - bigpark","og_description":"Questions fr\u00e9quentes Quel type de v\u00e9hicule acceptez-vous ? Nous acceptons tout type de v\u00e9hicule de tourisme ne d\u00e9passant pas les 3,5 tonnes. Avez-vous des si\u00e8ges auto pour les enfants ? Nous avons dans nos navettes des si\u00e8ges auto qui conviennent \u00e0 tous les enfants. Cependant, nous pouvons utiliser vos propres si\u00e8ges et les replacer dans [&hellip;]","og_url":"https:\/\/bigpark.ch\/en\/questions-frequentes\/","og_site_name":"bigpark","article_publisher":"https:\/\/www.facebook.com\/bigparkGVA.ch","article_modified_time":"2026-02-23T07:09:01+00:00","twitter_card":"summary_large_image","twitter_misc":{"Est. reading time":"5 minutes"},"schema":{"@context":"https:\/\/schema.org","@graph":[{"@type":"WebPage","@id":"https:\/\/bigpark.ch\/questions-frequentes\/","url":"https:\/\/bigpark.ch\/questions-frequentes\/","name":"Questions fr\u00e9quentes - bigpark","isPartOf":{"@id":"https:\/\/bigpark.ch\/#website"},"datePublished":"2021-06-16T09:34:41+00:00","dateModified":"2026-02-23T07:09:01+00:00","breadcrumb":{"@id":"https:\/\/bigpark.ch\/questions-frequentes\/#breadcrumb"},"inLanguage":"en-US","potentialAction":[{"@type":"ReadAction","target":["https:\/\/bigpark.ch\/questions-frequentes\/"]}]},{"@type":"BreadcrumbList","@id":"https:\/\/bigpark.ch\/questions-frequentes\/#breadcrumb","itemListElement":[{"@type":"ListItem","position":1,"name":"Accueil","item":"https:\/\/bigpark.ch\/"},{"@type":"ListItem","position":2,"name":"Questions fr\u00e9quentes"}]},{"@type":"WebSite","@id":"https:\/\/bigpark.ch\/#website","url":"https:\/\/bigpark.ch\/","name":"bigpark.ch","description":"Bigpark before flight","publisher":{"@id":"https:\/\/bigpark.ch\/#organization"},"alternateName":"bigpark","potentialAction":[{"@type":"SearchAction","target":{"@type":"EntryPoint","urlTemplate":"https:\/\/bigpark.ch\/?s={search_term_string}"},"query-input":"required name=search_term_string"}],"inLanguage":"en-US"},{"@type":"Organization","@id":"https:\/\/bigpark.ch\/#organization","name":"bigpark.ch","alternateName":"bigpark","url":"https:\/\/bigpark.ch\/","logo":{"@type":"ImageObject","inLanguage":"en-US","@id":"https:\/\/bigpark.ch\/#\/schema\/logo\/image\/","url":"https:\/\/i0.wp.com\/bigpark.ch\/wp-content\/uploads\/2021\/06\/BIGPARK-LOGO-SANS-ADRESSE-1.png?fit=1471%2C479&ssl=1","contentUrl":"https:\/\/i0.wp.com\/bigpark.ch\/wp-content\/uploads\/2021\/06\/BIGPARK-LOGO-SANS-ADRESSE-1.png?fit=1471%2C479&ssl=1","width":1471,"height":479,"caption":"bigpark.ch"},"image":{"@id":"https:\/\/bigpark.ch\/#\/schema\/logo\/image\/"},"sameAs":["https:\/\/www.facebook.com\/bigparkGVA.ch","https:\/\/www.instagram.com\/bigpark.ch\/"]}]}},"_links":{"self":[{"href":"https:\/\/bigpark.ch\/en\/wp-json\/wp\/v2\/pages\/874","targetHints":{"allow":["GET"]}}],"collection":[{"href":"https:\/\/bigpark.ch\/en\/wp-json\/wp\/v2\/pages"}],"about":[{"href":"https:\/\/bigpark.ch\/en\/wp-json\/wp\/v2\/types\/page"}],"author":[{"embeddable":true,"href":"https:\/\/bigpark.ch\/en\/wp-json\/wp\/v2\/users\/2"}],"replies":[{"embeddable":true,"href":"https:\/\/bigpark.ch\/en\/wp-json\/wp\/v2\/comments?post=874"}],"version-history":[{"count":55,"href":"https:\/\/bigpark.ch\/en\/wp-json\/wp\/v2\/pages\/874\/revisions"}],"predecessor-version":[{"id":4992,"href":"https:\/\/bigpark.ch\/en\/wp-json\/wp\/v2\/pages\/874\/revisions\/4992"}],"wp:attachment":[{"href":"https:\/\/bigpark.ch\/en\/wp-json\/wp\/v2\/media?parent=874"}],"curies":[{"name":"wp","href":"https:\/\/api.w.org\/{rel}","templated":true}]}}